{"id":33304,"date":"2013-05-19T13:22:49","date_gmt":"2013-05-19T13:22:49","guid":{"rendered":"http:\/\/kaza.es\/shop\/international-distributors\/"},"modified":"2025-06-26T11:48:48","modified_gmt":"2025-06-26T09:48:48","slug":"international-distributors","status":"publish","type":"page","link":"https:\/\/www.kaza.es\/en\/international-distributors\/","title":{"rendered":"International distributors"},"content":{"rendered":"\n<figure class=\"wp-block-image\"><img decoding=\"async\" src=\"http:\/\/kaza.es\/shop\/wp-content\/uploads\/2019\/04\/distribuidoresinternacionales.jpg\" alt=\"mapa mundo distribuidores internacionales\"\/><\/figure>\n\n\n\n<p class=\"has-text-align-left\"><\/p>\n\n\n\n<p><strong>Kaza by Adtecso works with a broad network of international distributors in both America and Europe.<\/strong><\/p>\n\n\n\n<p>The success of  Kaza\u2019s products in Spain has produced a growing interest of foreign companies in the USA, Europe (France, Austria, Germany, the Netherlands, United Kingdom, Ireland, Portugal, Greece, the Czech Republic, etc) and other Latin American countries (Argentina, Mexico, Chile, Peru, Colombia, Costa Rica, Dominican Republic, etc.) contributing to a globalization of our company and its consolidation in new markets.<\/p>\n\n\n\n<p>A listing of these international distributors is shown next:<\/p>\n\n\n\n<p><strong>AMERICA:<\/strong><\/p>\n\n\n\n<p><span style=\"text-decoration: underline;\">Colombia:<\/span><br>Centro de formaci\u00f3n y Distribuci\u00f3n<br><em>EQUIPOS Y MEDICIONES T\u00c9CNICAS LTDA<\/em><br><a href=\"http:\/\/www.equiposymediciones.com\/\" target=\"_blank\" rel=\"noopener noreferrer\">http:\/\/www.equiposymediciones.com\/<\/a><\/p>\n\n\n\n<p><span style=\"text-decoration: underline;\">Venezuela:<\/span><br>Centro de Distribuci\u00f3n<br><em>CORPORACI\u00d3N MODUL SISTEMS C.A.<\/em><br><a href=\"http:\/\/alcoholimetros.com.ve\/\" target=\"_blank\" rel=\"noopener noreferrer\">http:\/\/alcoholimetros.com.ve\/<\/a><\/p>\n\n\n<div class=\"wp-block-image\">\n<figure class=\"alignright\"><img decoding=\"async\" src=\"http:\/\/kaza.es\/shop\/wp-content\/uploads\/2019\/04\/distribuidores2.jpg\" alt=\"manos unidas distribuidores internacionales\"\/><\/figure>\n<\/div>\n\n\n<p><span style=\"text-decoration: underline;\">Paraguay:<\/span><br><em>CHACO INTERNACIONAL PARAGUAY<\/em><br><a href=\"http:\/\/www.chacointernacional.com.py\/\" target=\"_blank\" rel=\"noopener noreferrer\">http:\/\/www.chacointernacional.com.py\/<\/a><\/p>\n\n\n\n<p><span style=\"text-decoration: underline;\">Per\u00fa:<\/span><br><em>CTM TECNOLOGIA Y CONTROL&nbsp;<\/em><br><a href=\"http:\/\/www.ctm-tectrol.com\/\" target=\"_blank\" rel=\"noopener noreferrer\">http:\/\/www.ctm-tectrol.com\/<\/a><\/p>\n\n\n\n<p><em>INDUSTRIALES QUI\u00d1ONESS.A.C.<br><\/em><a href=\"http:\/\/www.iqsac.com.pe\/alcoholimetros-productos.html\" target=\"_blank\" rel=\"noopener noreferrer\">http:\/\/www.iqsac.com.pe\/alcoholimetros-productos.html\/<\/a><\/p>\n\n\n\n<p><span style=\"text-decoration: underline;\">Costa Rica:<\/span><br>Grupo S Las Condes S.A.<br>Tel\u00e9fonos: (+506) 22571356 \/ (+506) 8367-7777 \/ (+506) 88105201.<br>Email: <a href=\"mailto:info@grupolascondes.com\">info@grupolascondes.com<\/a> \/ <a href=\"mailto:esteban.escalante@gmail.com\">esteban.escalante@gmail.com<\/a><br>Facebook:<a href=\"https:\/\/www.facebook.com\/AlcoholimetrosCostaRica\">https:\/\/www.facebook.com\/AlcoholimetrosCostaRica<\/a><br>Direcci\u00f3n: Avenida Central y calle27. Edificio color blanco de dos plantas a mano izquierda #0022, Oficina #3. Barrio La California, San Jos\u00e9, Costa Rica.<\/p>\n\n\n\n<p><em>SEMSA. Servicios Electrom\u00e9dicos del Este SEM S.A.<\/em><br>Tel\u00e9fono: (506) 2248-0308.<br>M\u00f3vil: (506) 8367-7777<br>Email: <a href=\"mailto:info@semsa.co\">info@semsa.co<\/a><br>URL: <a href=\"#2575.%20Casa%20azul%20con%20blanco%20de%20dos%20plantas%20a%20mano%20izquierda.%20Barrio%20Escalante,%20San%20Jos%C3%A9,%20Costa%20Rica.\" target=\"_blank\" rel=\"noopener noreferrer\">www.semsa.co<\/a><br>Direcci\u00f3n: Avenida 3ra, calle25, Casa #2575. Casa azul con blanco de dos plantas a mano izquierda.<br>Barrio Escalante, San Jos\u00e9, Costa Rica.<\/p>\n\n\n\n<p><span style=\"text-decoration: underline;\">Rep\u00fablica Dominicana<\/span>:<br><em>VILALTA TECHNOLOGY,S.A.<\/em><br><a href=\"http:\/\/www.vil-techcommunication.weebly.com\/\" target=\"_blank\" rel=\"noopener noreferrer\">http:\/\/www.vil-techcommunication.weebly.com\/<\/a><\/p>\n\n\n\n<p><span style=\"text-decoration: underline;\">M\u00e9xico:<\/span><br><em>DIHERI MEXICANA S.A. DE C.V.<\/em><br><a href=\"http:\/\/diheri.com\/\" target=\"_blank\" rel=\"noopener noreferrer\">http:\/\/diheri.com\/<\/a><\/p>\n\n\n\n<p><span style=\"text-decoration: underline;\">Bolivia:<\/span><br><em>PROVEEDUR\u00cdA INDUSTRIAL<\/em><br><a href=\"http:\/\/www.proveeduriaindustrial.com\/\" target=\"_blank\" rel=\"noopener noreferrer\">http:\/\/www.proveeduriaindustrial.com\/<\/a><br>Tel&nbsp; : 00591 &#8211; 3-344 9595 &#8211; Fax 3- 345-5101<br>Cel : 00591 &#8211; 77655444&nbsp; &#8211;<br>Email :&nbsp;<a href=\"mailto:ventas@proveeduriaindustrial.com\">ventas@proveeduriaindustrial.com<\/a><br>Casilla Postal : N\u00ba 1333 &#8211; Santa Cruz<\/p>\n\n\n\n<p><em>BioTECNO Ltda.<\/em><br>Calle Pero V\u00e9lez No. 41<br>Santa Cruz &#8211; Bolivia<br>Movil: +591 690 52054<br>Telf. +591 3355 6750<br>Fax: +591 3355 6417<br>www. biotecno.com.bo<br>email: <strong><a href=\"mailto:info@biotecno.com.bo\">info@biotecno.com.bo<\/a><\/strong><\/p>\n\n\n\n<p><em><span style=\"text-decoration: underline;\">Panam\u00e1:<\/span><\/em><br><em>V9 IMPORTS S.A. <\/em><br>Calle 50 y Avenida Justo Arosemena. Edificio Artimuebles Local 2.<br>Bellavista. Ciudad de Panam\u00e1, Rep\u00fablica de Panam\u00e1<br>Contacto: Roberto Ruiz D\u00edaz<br>Tel. 507- 6239 4668<br>507- 263 6601<br><a href=\"mailto:V9imports@gmail.com\">V9imports@gmail.com<\/a><br><a href=\"mailto:Robertoruiz0202@gmail.com\">Robertoruiz0202@gmail.com<\/a><\/p>\n\n\n\n<p><span style=\"text-decoration: underline;\"><em>Chile:<\/em><\/span><br>SERVICIOS GENERALES PLANTA S.A. &#8211; GPS S.A.<br>Llano Subercaseaux 3791 Of. 307 &#8211; San Miguel<br>Santiago &#8211; Chile<br>Tel.: (56-2) 324 50 464<br>e-mail:&nbsp;<a href=\"mailto:gpssa@gpssa.cl\">gpssa@gpssa.cl<\/a><br>web:&nbsp;<a href=\"http:\/\/www.gpssa.cl\">www.gpssa.cl<\/a><\/p>\n\n\n\n<p><strong>EUROPA:<\/strong><\/p>\n\n\n<div class=\"wp-block-image\">\n<figure class=\"alignright\"><a href=\"https:\/\/www.kaza.es\/en\/international-distributors\/manos-mundo\/\"><img loading=\"lazy\" decoding=\"async\" width=\"220\" height=\"229\" src=\"https:\/\/www.kaza.es\/shop\/wp-content\/uploads\/2020\/09\/manos-mundo.jpg\" alt=\"\" class=\"wp-image-484169\"\/><\/a><\/figure>\n<\/div>\n\n\n<p><span style=\"text-decoration: underline;\">Islas Canarias:<\/span><br><em>GLOBAL EMERGENCIAS<\/em><br><a href=\"http:\/\/www.globalemergencias.com\" target=\"_blank\" rel=\"noopener noreferrer\">http:\/\/www.globalemergencias.com<\/a><br>Raimundo Lulio, 98 La Pardilla 35216 Telde &#8211; Las Palmas &#8211; Espa\u00f1a<br><a href=\"mailto:info@globalemergencias.com\">info@globalemergencias.com<\/a><br>Tel: +34 828 013 093 \/ +34 629 06 75 73<\/p>\n\n\n\n<p><span style=\"text-decoration: underline;\">Portugal:<\/span><br><em>CLINICASE<\/em><br><a href=\"http:\/\/www.clinicase.pt\/\" target=\"_blank\" rel=\"noopener noreferrer\">http:\/\/www.clinicase.pt\/<\/a><\/p>\n\n\n\n<p><span style=\"text-decoration: underline;\">Montenegro:<\/span><br><em>CONTOT<\/em><a href=\"http:\/\/www.contot.com\/\" target=\"_blank\" rel=\"noopener noreferrer\"><br>http:\/\/www.contot.com\/<\/a><\/p>\n\n\n\n<p><span style=\"text-decoration: underline;\">Grecia:<\/span><br><em>OPUS TECHNOLOGIES<\/em><br><a>http:\/\/www. opustech.gr<\/a><br>Papagiagou Vasilis<br>Sales Director<br>+302310303663 fax +302310303840<br>info@opustech.gr<br>55535 \/ Pilea \/ Thessaloniki \/ Greece<\/p>\n\n\n\n<p><span style=\"text-decoration: underline;\">Andorra<\/span><br><em>Engrup S.A.<\/em><br>A-701424-D<br>Direcci\u00f3n: Crta. La comella N\u00ba 29 Edifici El Ribal<br>Andorra la vella<br>AD500<br>Andorra la vella<br>Tel\u00e9fono: 00376 800410<br>Fax: 00376 825693<br><a href=\"http:\/\/www.engrup.com\/\" target=\"_blank\" rel=\"noopener noreferrer\">http:\/\/www.engrup.com\/<\/a><\/p>\n\n\n\n<p><\/p>\n","protected":false},"excerpt":{"rendered":"<p>Kaza by Adtecso works with a broad network of international distributors in both America and Europe. The success of Kaza\u2019s products in Spain has produced a growing interest of foreign companies in the USA, Europe (France, Austria, Germany, the Netherlands, United Kingdom, Ireland, Portugal, Greece, the Czech Republic, etc) and other Latin American countries (Argentina, [&hellip;]<\/p>\n","protected":false},"author":1,"featured_media":0,"parent":0,"menu_order":10,"comment_status":"closed","ping_status":"closed","template":"","meta":{"_acf_changed":false,"advgb_blocks_editor_width":"","advgb_blocks_columns_visual_guide":"","footnotes":""},"class_list":["post-33304","page","type-page","status-publish","hentry"],"acf":[],"yoast_head":"<!-- This site is optimized with the Yoast SEO plugin v27.5 - https:\/\/yoast.com\/product\/yoast-seo-wordpress\/ -->\n<title>Kaza International distributors<\/title>\n<meta name=\"description\" content=\"Kaza International distributors\" \/>\n<meta name=\"robots\" content=\"index, follow, max-snippet:-1, max-image-preview:large, max-video-preview:-1\" \/>\n<link rel=\"canonical\" href=\"https:\/\/www.kaza.es\/en\/international-distributors\/\" \/>\n<meta property=\"og:locale\" content=\"en_US\" \/>\n<meta property=\"og:type\" content=\"article\" \/>\n<meta property=\"og:title\" content=\"Kaza International distributors\" \/>\n<meta property=\"og:description\" content=\"Kaza International distributors\" \/>\n<meta property=\"og:url\" content=\"https:\/\/www.kaza.es\/en\/international-distributors\/\" \/>\n<meta property=\"og:site_name\" content=\"kaza by Adtecso\" \/>\n<meta property=\"article:publisher\" content=\"https:\/\/www.facebook.com\/CDPeu\" \/>\n<meta property=\"article:modified_time\" content=\"2025-06-26T09:48:48+00:00\" \/>\n<meta property=\"og:image\" content=\"http:\/\/kaza.es\/shop\/wp-content\/uploads\/2019\/04\/distribuidoresinternacionales.jpg\" \/>\n<meta name=\"twitter:card\" content=\"summary_large_image\" \/>\n<meta name=\"twitter:site\" content=\"@cdp_eu\" \/>\n<meta name=\"twitter:label1\" content=\"Est. reading time\" \/>\n\t<meta name=\"twitter:data1\" content=\"3 minutes\" \/>\n<script type=\"application\/ld+json\" class=\"yoast-schema-graph\">{\"@context\":\"https:\\\/\\\/schema.org\",\"@graph\":[{\"@type\":\"WebPage\",\"@id\":\"https:\\\/\\\/www.kaza.es\\\/en\\\/international-distributors\\\/\",\"url\":\"https:\\\/\\\/www.kaza.es\\\/en\\\/international-distributors\\\/\",\"name\":\"Kaza International distributors\",\"isPartOf\":{\"@id\":\"https:\\\/\\\/www.kaza.es\\\/en\\\/#website\"},\"primaryImageOfPage\":{\"@id\":\"https:\\\/\\\/www.kaza.es\\\/en\\\/international-distributors\\\/#primaryimage\"},\"image\":{\"@id\":\"https:\\\/\\\/www.kaza.es\\\/en\\\/international-distributors\\\/#primaryimage\"},\"thumbnailUrl\":\"http:\\\/\\\/kaza.es\\\/shop\\\/wp-content\\\/uploads\\\/2019\\\/04\\\/distribuidoresinternacionales.jpg\",\"datePublished\":\"2013-05-19T13:22:49+00:00\",\"dateModified\":\"2025-06-26T09:48:48+00:00\",\"description\":\"Kaza International distributors\",\"breadcrumb\":{\"@id\":\"https:\\\/\\\/www.kaza.es\\\/en\\\/international-distributors\\\/#breadcrumb\"},\"inLanguage\":\"en-US\",\"potentialAction\":[{\"@type\":\"ReadAction\",\"target\":[\"https:\\\/\\\/www.kaza.es\\\/en\\\/international-distributors\\\/\"]}]},{\"@type\":\"ImageObject\",\"inLanguage\":\"en-US\",\"@id\":\"https:\\\/\\\/www.kaza.es\\\/en\\\/international-distributors\\\/#primaryimage\",\"url\":\"http:\\\/\\\/kaza.es\\\/shop\\\/wp-content\\\/uploads\\\/2019\\\/04\\\/distribuidoresinternacionales.jpg\",\"contentUrl\":\"http:\\\/\\\/kaza.es\\\/shop\\\/wp-content\\\/uploads\\\/2019\\\/04\\\/distribuidoresinternacionales.jpg\"},{\"@type\":\"BreadcrumbList\",\"@id\":\"https:\\\/\\\/www.kaza.es\\\/en\\\/international-distributors\\\/#breadcrumb\",\"itemListElement\":[{\"@type\":\"ListItem\",\"position\":1,\"name\":\"Portada\",\"item\":\"https:\\\/\\\/www.kaza.es\\\/en\\\/\"},{\"@type\":\"ListItem\",\"position\":2,\"name\":\"International distributors\"}]},{\"@type\":\"WebSite\",\"@id\":\"https:\\\/\\\/www.kaza.es\\\/en\\\/#website\",\"url\":\"https:\\\/\\\/www.kaza.es\\\/en\\\/\",\"name\":\"kaza.es\",\"description\":\"We are leaders in the development of advanced electronic products and consumer software\",\"publisher\":{\"@id\":\"https:\\\/\\\/www.kaza.es\\\/en\\\/#organization\"},\"potentialAction\":[{\"@type\":\"SearchAction\",\"target\":{\"@type\":\"EntryPoint\",\"urlTemplate\":\"https:\\\/\\\/www.kaza.es\\\/en\\\/?s={search_term_string}\"},\"query-input\":{\"@type\":\"PropertyValueSpecification\",\"valueRequired\":true,\"valueName\":\"search_term_string\"}}],\"inLanguage\":\"en-US\"},{\"@type\":\"Organization\",\"@id\":\"https:\\\/\\\/www.kaza.es\\\/en\\\/#organization\",\"name\":\"C.D.Products S.A.\",\"url\":\"https:\\\/\\\/www.kaza.es\\\/en\\\/\",\"logo\":{\"@type\":\"ImageObject\",\"inLanguage\":\"en-US\",\"@id\":\"https:\\\/\\\/www.kaza.es\\\/en\\\/#\\\/schema\\\/logo\\\/image\\\/\",\"url\":\"\",\"contentUrl\":\"\",\"caption\":\"C.D.Products S.A.\"},\"image\":{\"@id\":\"https:\\\/\\\/www.kaza.es\\\/en\\\/#\\\/schema\\\/logo\\\/image\\\/\"},\"sameAs\":[\"https:\\\/\\\/www.facebook.com\\\/CDPeu\",\"https:\\\/\\\/x.com\\\/cdp_eu\",\"https:\\\/\\\/www.youtube.com\\\/user\\\/cdpsaes\\\/videos\"]}]}<\/script>\n<!-- \/ Yoast SEO plugin. -->","yoast_head_json":{"title":"Kaza International distributors","description":"Kaza International distributors","robots":{"index":"index","follow":"follow","max-snippet":"max-snippet:-1","max-image-preview":"max-image-preview:large","max-video-preview":"max-video-preview:-1"},"canonical":"https:\/\/www.kaza.es\/en\/international-distributors\/","og_locale":"en_US","og_type":"article","og_title":"Kaza International distributors","og_description":"Kaza International distributors","og_url":"https:\/\/www.kaza.es\/en\/international-distributors\/","og_site_name":"kaza by Adtecso","article_publisher":"https:\/\/www.facebook.com\/CDPeu","article_modified_time":"2025-06-26T09:48:48+00:00","og_image":[{"url":"http:\/\/kaza.es\/shop\/wp-content\/uploads\/2019\/04\/distribuidoresinternacionales.jpg","type":"","width":"","height":""}],"twitter_card":"summary_large_image","twitter_site":"@cdp_eu","twitter_misc":{"Est. reading time":"3 minutes"},"schema":{"@context":"https:\/\/schema.org","@graph":[{"@type":"WebPage","@id":"https:\/\/www.kaza.es\/en\/international-distributors\/","url":"https:\/\/www.kaza.es\/en\/international-distributors\/","name":"Kaza International distributors","isPartOf":{"@id":"https:\/\/www.kaza.es\/en\/#website"},"primaryImageOfPage":{"@id":"https:\/\/www.kaza.es\/en\/international-distributors\/#primaryimage"},"image":{"@id":"https:\/\/www.kaza.es\/en\/international-distributors\/#primaryimage"},"thumbnailUrl":"http:\/\/kaza.es\/shop\/wp-content\/uploads\/2019\/04\/distribuidoresinternacionales.jpg","datePublished":"2013-05-19T13:22:49+00:00","dateModified":"2025-06-26T09:48:48+00:00","description":"Kaza International distributors","breadcrumb":{"@id":"https:\/\/www.kaza.es\/en\/international-distributors\/#breadcrumb"},"inLanguage":"en-US","potentialAction":[{"@type":"ReadAction","target":["https:\/\/www.kaza.es\/en\/international-distributors\/"]}]},{"@type":"ImageObject","inLanguage":"en-US","@id":"https:\/\/www.kaza.es\/en\/international-distributors\/#primaryimage","url":"http:\/\/kaza.es\/shop\/wp-content\/uploads\/2019\/04\/distribuidoresinternacionales.jpg","contentUrl":"http:\/\/kaza.es\/shop\/wp-content\/uploads\/2019\/04\/distribuidoresinternacionales.jpg"},{"@type":"BreadcrumbList","@id":"https:\/\/www.kaza.es\/en\/international-distributors\/#breadcrumb","itemListElement":[{"@type":"ListItem","position":1,"name":"Portada","item":"https:\/\/www.kaza.es\/en\/"},{"@type":"ListItem","position":2,"name":"International distributors"}]},{"@type":"WebSite","@id":"https:\/\/www.kaza.es\/en\/#website","url":"https:\/\/www.kaza.es\/en\/","name":"kaza.es","description":"We are leaders in the development of advanced electronic products and consumer software","publisher":{"@id":"https:\/\/www.kaza.es\/en\/#organization"},"potentialAction":[{"@type":"SearchAction","target":{"@type":"EntryPoint","urlTemplate":"https:\/\/www.kaza.es\/en\/?s={search_term_string}"},"query-input":{"@type":"PropertyValueSpecification","valueRequired":true,"valueName":"search_term_string"}}],"inLanguage":"en-US"},{"@type":"Organization","@id":"https:\/\/www.kaza.es\/en\/#organization","name":"C.D.Products S.A.","url":"https:\/\/www.kaza.es\/en\/","logo":{"@type":"ImageObject","inLanguage":"en-US","@id":"https:\/\/www.kaza.es\/en\/#\/schema\/logo\/image\/","url":"","contentUrl":"","caption":"C.D.Products S.A."},"image":{"@id":"https:\/\/www.kaza.es\/en\/#\/schema\/logo\/image\/"},"sameAs":["https:\/\/www.facebook.com\/CDPeu","https:\/\/x.com\/cdp_eu","https:\/\/www.youtube.com\/user\/cdpsaes\/videos"]}]}},"coauthors":[],"author_meta":{"author_link":"https:\/\/www.kaza.es\/en\/author\/adtecso\/","display_name":"kaza"},"relative_dates":{"created":"Posted 13 years ago","modified":"Updated 10 months ago"},"absolute_dates":{"created":"Posted on 19 May, 2013","modified":"Updated on 26 June, 2025"},"absolute_dates_time":{"created":"Posted on 19 May, 2013 13:22","modified":"Updated on 26 June, 2025 11:48"},"featured_img_caption":"","featured_img":false,"series_order":"","_links":{"self":[{"href":"https:\/\/www.kaza.es\/en\/wp-json\/wp\/v2\/pages\/33304","targetHints":{"allow":["GET"]}}],"collection":[{"href":"https:\/\/www.kaza.es\/en\/wp-json\/wp\/v2\/pages"}],"about":[{"href":"https:\/\/www.kaza.es\/en\/wp-json\/wp\/v2\/types\/page"}],"author":[{"embeddable":true,"href":"https:\/\/www.kaza.es\/en\/wp-json\/wp\/v2\/users\/1"}],"replies":[{"embeddable":true,"href":"https:\/\/www.kaza.es\/en\/wp-json\/wp\/v2\/comments?post=33304"}],"version-history":[{"count":0,"href":"https:\/\/www.kaza.es\/en\/wp-json\/wp\/v2\/pages\/33304\/revisions"}],"wp:attachment":[{"href":"https:\/\/www.kaza.es\/en\/wp-json\/wp\/v2\/media?parent=33304"}],"curies":[{"name":"wp","href":"https:\/\/api.w.org\/{rel}","templated":true}]}}