{"id":33804,"date":"2013-07-26T10:40:08","date_gmt":"2013-07-26T10:40:08","guid":{"rendered":"http:\/\/kaza.es\/shop\/producto\/wireless-panic-button\/"},"modified":"2013-07-26T10:40:08","modified_gmt":"2013-07-26T10:40:08","slug":"wireless-panic-button","status":"publish","type":"product","link":"https:\/\/www.kaza.es\/en\/product\/wireless-panic-button\/","title":{"rendered":"Wireless Panic Button"},"content":{"rendered":"<p><strong>Features:<\/strong><\/p>\n<ul>\n<li>Plastic body.<\/li>\n<li>Contact mode: COM, N \/ S.<\/li>\n<li>Rated current: 300.<\/li>\n<li>Rated voltage: (VDC) 250.<\/li>\n<li>Battery Power supply: DC12V<\/li>\n<li>Standby Current: = 5uA<\/li>\n<li>Current transmission: = 15mA<\/li>\n<li>Battery: 1 &#8211; 2 years<\/li>\n<li>Frequency: 433 or 315 MHz<\/li>\n<li>Distance up to 200 m.<\/li>\n<\/ul>\n","protected":false},"excerpt":{"rendered":"<p>Wireless remote panic button for the V90 Alertacam products. Once activated by the user produce SMS messages or phone calls to phones connected. Ideal to have on hand, in case we need to raise an alarm voluntarily. It is used in homes and stores in case of robbery or any emergency that we have. It requires no installation, works like a remote control.<\/p>\n","protected":false},"author":1,"featured_media":33802,"template":"","meta":{"_acf_changed":false,"advgb_blocks_editor_width":"","advgb_blocks_columns_visual_guide":""},"product_brand":[],"product_cat":[15],"product_tag":[5754,5775],"class_list":{"0":"post-33804","1":"product","2":"type-product","3":"status-publish","4":"has-post-thumbnail","6":"product_cat-sin-categoria","7":"product_tag-cameras-and-security-systems-en-2","8":"product_tag-wireless-panic-button-en","10":"first","11":"instock","12":"taxable","13":"shipping-taxable","14":"purchasable","15":"product-type-simple"},"acf":[],"yoast_head":"<!-- This site is optimized with the Yoast SEO plugin v27.5 - https:\/\/yoast.com\/product\/yoast-seo-wordpress\/ -->\n<title>Wireless Panic Button<\/title>\n<meta name=\"description\" content=\"Wireless remote panic button for the V90 Alertacam products. Once activated by the user produce SMS messages or phone calls to phones connected\" \/>\n<meta name=\"robots\" content=\"index, follow, max-snippet:-1, max-image-preview:large, max-video-preview:-1\" \/>\n<link rel=\"canonical\" href=\"https:\/\/www.kaza.es\/en\/product\/wireless-panic-button\/\" \/>\n<meta property=\"og:locale\" content=\"en_US\" \/>\n<meta property=\"og:type\" content=\"article\" \/>\n<meta property=\"og:title\" content=\"Wireless Panic Button\" \/>\n<meta property=\"og:description\" content=\"Wireless remote panic button for the V90 Alertacam products. Once activated by the user produce SMS messages or phone calls to phones connected\" \/>\n<meta property=\"og:url\" content=\"https:\/\/www.kaza.es\/en\/product\/wireless-panic-button\/\" \/>\n<meta property=\"og:site_name\" content=\"kaza by Adtecso\" \/>\n<meta property=\"article:publisher\" content=\"https:\/\/www.facebook.com\/CDPeu\" \/>\n<meta property=\"og:image\" content=\"https:\/\/www.kaza.es\/shop\/wp-content\/uploads\/2013\/07\/333-thickbox_default-Boton-de-Panico-Inalambrico.jpg\" \/>\n\t<meta property=\"og:image:width\" content=\"800\" \/>\n\t<meta property=\"og:image:height\" content=\"800\" \/>\n\t<meta property=\"og:image:type\" content=\"image\/jpeg\" \/>\n<meta name=\"twitter:card\" content=\"summary_large_image\" \/>\n<meta name=\"twitter:site\" content=\"@cdp_eu\" \/>\n<script type=\"application\/ld+json\" class=\"yoast-schema-graph\">{\"@context\":\"https:\\\/\\\/schema.org\",\"@graph\":[{\"@type\":\"WebPage\",\"@id\":\"https:\\\/\\\/www.kaza.es\\\/en\\\/product\\\/wireless-panic-button\\\/\",\"url\":\"https:\\\/\\\/www.kaza.es\\\/en\\\/product\\\/wireless-panic-button\\\/\",\"name\":\"Wireless Panic Button\",\"isPartOf\":{\"@id\":\"https:\\\/\\\/www.kaza.es\\\/en\\\/#website\"},\"primaryImageOfPage\":{\"@id\":\"https:\\\/\\\/www.kaza.es\\\/en\\\/product\\\/wireless-panic-button\\\/#primaryimage\"},\"image\":{\"@id\":\"https:\\\/\\\/www.kaza.es\\\/en\\\/product\\\/wireless-panic-button\\\/#primaryimage\"},\"thumbnailUrl\":\"https:\\\/\\\/www.kaza.es\\\/shop\\\/wp-content\\\/uploads\\\/2013\\\/07\\\/333-thickbox_default-Boton-de-Panico-Inalambrico.jpg\",\"datePublished\":\"2013-07-26T10:40:08+00:00\",\"description\":\"Wireless remote panic button for the V90 Alertacam products. Once activated by the user produce SMS messages or phone calls to phones connected\",\"breadcrumb\":{\"@id\":\"https:\\\/\\\/www.kaza.es\\\/en\\\/product\\\/wireless-panic-button\\\/#breadcrumb\"},\"inLanguage\":\"en-US\",\"potentialAction\":[{\"@type\":\"ReadAction\",\"target\":[\"https:\\\/\\\/www.kaza.es\\\/en\\\/product\\\/wireless-panic-button\\\/\"]}]},{\"@type\":\"ImageObject\",\"inLanguage\":\"en-US\",\"@id\":\"https:\\\/\\\/www.kaza.es\\\/en\\\/product\\\/wireless-panic-button\\\/#primaryimage\",\"url\":\"https:\\\/\\\/www.kaza.es\\\/shop\\\/wp-content\\\/uploads\\\/2013\\\/07\\\/333-thickbox_default-Boton-de-Panico-Inalambrico.jpg\",\"contentUrl\":\"https:\\\/\\\/www.kaza.es\\\/shop\\\/wp-content\\\/uploads\\\/2013\\\/07\\\/333-thickbox_default-Boton-de-Panico-Inalambrico.jpg\",\"width\":800,\"height\":800,\"caption\":\"Bot\u00f3n de P\u00e1nico Inal\u00e1mbrico\"},{\"@type\":\"BreadcrumbList\",\"@id\":\"https:\\\/\\\/www.kaza.es\\\/en\\\/product\\\/wireless-panic-button\\\/#breadcrumb\",\"itemListElement\":[{\"@type\":\"ListItem\",\"position\":1,\"name\":\"Portada\",\"item\":\"https:\\\/\\\/www.kaza.es\\\/en\\\/\"},{\"@type\":\"ListItem\",\"position\":2,\"name\":\"Shop\",\"item\":\"https:\\\/\\\/www.kaza.es\\\/en\\\/shop\\\/\"},{\"@type\":\"ListItem\",\"position\":3,\"name\":\"Wireless Panic Button\"}]},{\"@type\":\"WebSite\",\"@id\":\"https:\\\/\\\/www.kaza.es\\\/en\\\/#website\",\"url\":\"https:\\\/\\\/www.kaza.es\\\/en\\\/\",\"name\":\"kaza.es\",\"description\":\"We are leaders in the development of advanced electronic products and consumer software\",\"publisher\":{\"@id\":\"https:\\\/\\\/www.kaza.es\\\/en\\\/#organization\"},\"potentialAction\":[{\"@type\":\"SearchAction\",\"target\":{\"@type\":\"EntryPoint\",\"urlTemplate\":\"https:\\\/\\\/www.kaza.es\\\/en\\\/?s={search_term_string}\"},\"query-input\":{\"@type\":\"PropertyValueSpecification\",\"valueRequired\":true,\"valueName\":\"search_term_string\"}}],\"inLanguage\":\"en-US\"},{\"@type\":\"Organization\",\"@id\":\"https:\\\/\\\/www.kaza.es\\\/en\\\/#organization\",\"name\":\"C.D.Products S.A.\",\"url\":\"https:\\\/\\\/www.kaza.es\\\/en\\\/\",\"logo\":{\"@type\":\"ImageObject\",\"inLanguage\":\"en-US\",\"@id\":\"https:\\\/\\\/www.kaza.es\\\/en\\\/#\\\/schema\\\/logo\\\/image\\\/\",\"url\":\"\",\"contentUrl\":\"\",\"caption\":\"C.D.Products S.A.\"},\"image\":{\"@id\":\"https:\\\/\\\/www.kaza.es\\\/en\\\/#\\\/schema\\\/logo\\\/image\\\/\"},\"sameAs\":[\"https:\\\/\\\/www.facebook.com\\\/CDPeu\",\"https:\\\/\\\/x.com\\\/cdp_eu\",\"https:\\\/\\\/www.youtube.com\\\/user\\\/cdpsaes\\\/videos\"]}]}<\/script>\n<!-- \/ Yoast SEO plugin. -->","yoast_head_json":{"title":"Wireless Panic Button","description":"Wireless remote panic button for the V90 Alertacam products. Once activated by the user produce SMS messages or phone calls to phones connected","robots":{"index":"index","follow":"follow","max-snippet":"max-snippet:-1","max-image-preview":"max-image-preview:large","max-video-preview":"max-video-preview:-1"},"canonical":"https:\/\/www.kaza.es\/en\/product\/wireless-panic-button\/","og_locale":"en_US","og_type":"article","og_title":"Wireless Panic Button","og_description":"Wireless remote panic button for the V90 Alertacam products. Once activated by the user produce SMS messages or phone calls to phones connected","og_url":"https:\/\/www.kaza.es\/en\/product\/wireless-panic-button\/","og_site_name":"kaza by Adtecso","article_publisher":"https:\/\/www.facebook.com\/CDPeu","og_image":[{"width":800,"height":800,"url":"https:\/\/www.kaza.es\/shop\/wp-content\/uploads\/2013\/07\/333-thickbox_default-Boton-de-Panico-Inalambrico.jpg","type":"image\/jpeg"}],"twitter_card":"summary_large_image","twitter_site":"@cdp_eu","schema":{"@context":"https:\/\/schema.org","@graph":[{"@type":"WebPage","@id":"https:\/\/www.kaza.es\/en\/product\/wireless-panic-button\/","url":"https:\/\/www.kaza.es\/en\/product\/wireless-panic-button\/","name":"Wireless Panic Button","isPartOf":{"@id":"https:\/\/www.kaza.es\/en\/#website"},"primaryImageOfPage":{"@id":"https:\/\/www.kaza.es\/en\/product\/wireless-panic-button\/#primaryimage"},"image":{"@id":"https:\/\/www.kaza.es\/en\/product\/wireless-panic-button\/#primaryimage"},"thumbnailUrl":"https:\/\/www.kaza.es\/shop\/wp-content\/uploads\/2013\/07\/333-thickbox_default-Boton-de-Panico-Inalambrico.jpg","datePublished":"2013-07-26T10:40:08+00:00","description":"Wireless remote panic button for the V90 Alertacam products. Once activated by the user produce SMS messages or phone calls to phones connected","breadcrumb":{"@id":"https:\/\/www.kaza.es\/en\/product\/wireless-panic-button\/#breadcrumb"},"inLanguage":"en-US","potentialAction":[{"@type":"ReadAction","target":["https:\/\/www.kaza.es\/en\/product\/wireless-panic-button\/"]}]},{"@type":"ImageObject","inLanguage":"en-US","@id":"https:\/\/www.kaza.es\/en\/product\/wireless-panic-button\/#primaryimage","url":"https:\/\/www.kaza.es\/shop\/wp-content\/uploads\/2013\/07\/333-thickbox_default-Boton-de-Panico-Inalambrico.jpg","contentUrl":"https:\/\/www.kaza.es\/shop\/wp-content\/uploads\/2013\/07\/333-thickbox_default-Boton-de-Panico-Inalambrico.jpg","width":800,"height":800,"caption":"Bot\u00f3n de P\u00e1nico Inal\u00e1mbrico"},{"@type":"BreadcrumbList","@id":"https:\/\/www.kaza.es\/en\/product\/wireless-panic-button\/#breadcrumb","itemListElement":[{"@type":"ListItem","position":1,"name":"Portada","item":"https:\/\/www.kaza.es\/en\/"},{"@type":"ListItem","position":2,"name":"Shop","item":"https:\/\/www.kaza.es\/en\/shop\/"},{"@type":"ListItem","position":3,"name":"Wireless Panic Button"}]},{"@type":"WebSite","@id":"https:\/\/www.kaza.es\/en\/#website","url":"https:\/\/www.kaza.es\/en\/","name":"kaza.es","description":"We are leaders in the development of advanced electronic products and consumer software","publisher":{"@id":"https:\/\/www.kaza.es\/en\/#organization"},"potentialAction":[{"@type":"SearchAction","target":{"@type":"EntryPoint","urlTemplate":"https:\/\/www.kaza.es\/en\/?s={search_term_string}"},"query-input":{"@type":"PropertyValueSpecification","valueRequired":true,"valueName":"search_term_string"}}],"inLanguage":"en-US"},{"@type":"Organization","@id":"https:\/\/www.kaza.es\/en\/#organization","name":"C.D.Products S.A.","url":"https:\/\/www.kaza.es\/en\/","logo":{"@type":"ImageObject","inLanguage":"en-US","@id":"https:\/\/www.kaza.es\/en\/#\/schema\/logo\/image\/","url":"","contentUrl":"","caption":"C.D.Products S.A."},"image":{"@id":"https:\/\/www.kaza.es\/en\/#\/schema\/logo\/image\/"},"sameAs":["https:\/\/www.facebook.com\/CDPeu","https:\/\/x.com\/cdp_eu","https:\/\/www.youtube.com\/user\/cdpsaes\/videos"]}]}},"featured_img":"https:\/\/www.kaza.es\/shop\/wp-content\/uploads\/2013\/07\/333-thickbox_default-Boton-de-Panico-Inalambrico.jpg","coauthors":[],"author_meta":{"author_link":"https:\/\/www.kaza.es\/en\/author\/adtecso\/","display_name":"kaza"},"relative_dates":{"created":"Posted 13 years ago","modified":"Updated 13 years ago"},"absolute_dates":{"created":"Posted on 26 July, 2013","modified":"Updated on 26 July, 2013"},"absolute_dates_time":{"created":"Posted on 26 July, 2013 10:40","modified":"Updated on 26 July, 2013 10:40"},"featured_img_caption":"","tax_additional":{"product_brand":{"linked":[],"unlinked":[],"slug":"product_brand","name":"Brands"},"product_type":{"linked":["<a href=\"https:\/\/www.kaza.es\/en\/?taxonomy=product_type&#038;term=simple\" class=\"advgb-post-tax-term\">simple<\/a>"],"unlinked":["<span class=\"advgb-post-tax-term\">simple<\/span>"],"slug":"product_type","name":"Product type"},"product_visibility":{"linked":[],"unlinked":[],"slug":"product_visibility","name":"Product visibility"},"product_cat":{"linked":["<a href=\"https:\/\/www.kaza.es\/categoria-producto\/sin-categoria\/\" class=\"advgb-post-tax-term\">Sin categor\u00eda<\/a>"],"unlinked":["<span class=\"advgb-post-tax-term\">Sin categor\u00eda<\/span>"],"slug":"product_cat","name":"Product categories"},"product_tag":{"linked":["<a href=\"https:\/\/www.kaza.es\/en\/product-tags\/cameras-and-security-systems-en-2\/\" class=\"advgb-post-tax-term\">Cameras and security systems<\/a>","<a href=\"https:\/\/www.kaza.es\/en\/product-tags\/wireless-panic-button-en\/\" class=\"advgb-post-tax-term\">wireless panic button<\/a>"],"unlinked":["<span class=\"advgb-post-tax-term\">Cameras and security systems<\/span>","<span class=\"advgb-post-tax-term\">wireless panic button<\/span>"],"slug":"product_tag","name":"Product tags"},"product_shipping_class":{"linked":[],"unlinked":[],"slug":"product_shipping_class","name":"Product shipping classes"},"pos_product_visibility":{"linked":[],"unlinked":[],"slug":"pos_product_visibility","name":"POS Product visibility"},"pa_alto":{"linked":[],"unlinked":[],"slug":"pa_alto","name":"Product Alto"},"pa_ancho":{"linked":[],"unlinked":[],"slug":"pa_ancho","name":"Product Ancho"},"pa_cantidad":{"linked":[],"unlinked":[],"slug":"pa_cantidad","name":"Product Selecciona Cantidad"},"pa_capacidad":{"linked":[],"unlinked":[],"slug":"pa_capacidad","name":"Product Capacidad"},"pa_color":{"linked":[],"unlinked":[],"slug":"pa_color","name":"Product Color"},"pa_icu":{"linked":[],"unlinked":[],"slug":"pa_icu","name":"Product Procesador"},"pa_peso":{"linked":[],"unlinked":[],"slug":"pa_peso","name":"Product Peso"},"pa_profundo":{"linked":[],"unlinked":[],"slug":"pa_profundo","name":"Product Profundo"},"pa_tomaauriculares":{"linked":[],"unlinked":[],"slug":"pa_tomaauriculares","name":"Product Toma auriculares"},"translation_priority":{"linked":[],"unlinked":[],"slug":"translation_priority","name":"Translation Priorities"}},"series_order":"","_links":{"self":[{"href":"https:\/\/www.kaza.es\/en\/wp-json\/wp\/v2\/product\/33804","targetHints":{"allow":["GET"]}}],"collection":[{"href":"https:\/\/www.kaza.es\/en\/wp-json\/wp\/v2\/product"}],"about":[{"href":"https:\/\/www.kaza.es\/en\/wp-json\/wp\/v2\/types\/product"}],"wp:featuredmedia":[{"embeddable":true,"href":"https:\/\/www.kaza.es\/en\/wp-json\/wp\/v2\/media\/33802"}],"wp:attachment":[{"href":"https:\/\/www.kaza.es\/en\/wp-json\/wp\/v2\/media?parent=33804"}],"wp:term":[{"taxonomy":"product_brand","embeddable":true,"href":"https:\/\/www.kaza.es\/en\/wp-json\/wp\/v2\/product_brand?post=33804"},{"taxonomy":"product_cat","embeddable":true,"href":"https:\/\/www.kaza.es\/en\/wp-json\/wp\/v2\/product_cat?post=33804"},{"taxonomy":"product_tag","embeddable":true,"href":"https:\/\/www.kaza.es\/en\/wp-json\/wp\/v2\/product_tag?post=33804"}],"curies":[{"name":"wp","href":"https:\/\/api.w.org\/{rel}","templated":true}]}}