{"id":34657,"date":"2019-03-11T00:00:00","date_gmt":"2015-09-23T15:48:09","guid":{"rendered":"http:\/\/kaza.es\/shop\/producto\/hybrid-video-server-16-chanels-plug-and-play\/"},"modified":"2019-12-26T20:05:43","modified_gmt":"2019-12-26T19:05:43","slug":"hybrid-video-server-16-chanels-plug-and-play","status":"publish","type":"product","link":"https:\/\/www.kaza.es\/en\/product\/hybrid-video-server-16-chanels-plug-and-play\/","title":{"rendered":"Hybrid Video Server 16 Chanels Plug and Play"},"content":{"rendered":"<p><strong>Caracter\u00edsticas generales:<\/strong><\/p>\n<ul>\n<li>Producto:\n<ul>\n<li>Modelo\u00a0 CDP-H6808S-LM<\/li>\n<\/ul>\n<\/li>\n<li>Sistema:\n<ul>\n<li>Procesador principal: Microprocesador Industrial<\/li>\n<li>OS: Linux Embedded<\/li>\n<\/ul>\n<\/li>\n<li>V\u00eddeo:\n<ul>\n<li>Compresi\u00f3n de v\u00eddeo: H.264<\/li>\n<li>Resoluci\u00f3n de la grabaci\u00f3n: 8ch 720P (1280&#215;720)<\/li>\n<li>Frame Rate: PAL: 1 ~ 25fps; NTSC: 1 ~ 30fps<\/li>\n<li>Velocidad de bits de v\u00eddeo: 512Kbps-4096Kbps opcional, por defecto 2048Kbps<\/li>\n<li>Stream: Video \/ Video y audio<\/li>\n<li>Dual Stream: Soportado<\/li>\n<li>Calidad de reproducci\u00f3n\u00a0\u00a0\u00a0\u00a0\u00a0\u00a0\u00a0\u00a0\u00a0\u00a0\u00a0\u00a0<\/li>\n<li>Multi-Modelos de entrada: Anal\u00f3gica, c\u00e1mara AHD y la c\u00e1mara IP<\/li>\n<\/ul>\n<\/li>\n<li>Audio:\n<ul>\n<li>Audio Encode Est\u00e1ndar\u00a0\u00a0\u00a0\u00a0\u00a0\u00a0\u00a0\u00a0\u00a0\u00a0\u00a0\u00a0\u00a0\u00a0 G.711A<\/li>\n<li>Frecuencia de muestreo 8 KHz, 16 bits<\/li>\n<li>Bit Rate de Audio 64Kbps<\/li>\n<\/ul>\n<\/li>\n<li>Interfaz de v\u00eddeo:\n<ul>\n<li>Entrada de v\u00eddeo: 16ch, interfaz BNC<\/li>\n<li>Salida de v\u00eddeo: 1 canal VGA, HDMI 1 canal de salida simult\u00e1nea<\/li>\n<\/ul>\n<\/li>\n<li>Interfaz de audio:\n<ul>\n<li>Entrada de audio: 4 canales de audio RCA en<\/li>\n<li>Salida de audio: 1 canal de salida de audio RCA\u00a0\u00a0\u00a0\u00a0\u00a0\u00a0\u00a0\u00a0\u00a0\u00a0\u00a0\u00a0\u00a0\u00a0\u00a0<\/li>\n<\/ul>\n<\/li>\n<li>Grabaci\u00f3n:\n<ul>\n<li>M\u00e9todos: Autom\u00e1tico, manual, detecci\u00f3n y alarma de movimiento<\/li>\n<li>Reproducci\u00f3n Max. 720P 8ch reproducci\u00f3n \/ 1080P \/ 720P \/ D1 \/ HD1 \/ CIF<\/li>\n<\/ul>\n<\/li>\n<\/ul>\n<ul>\n<li>Backup Apoyo U disco, dispositivo m\u00f3vil USB y copia de seguridad de la red;<\/li>\n<\/ul>\n<ul>\n<li>Red:\n<ul>\n<li>Protocolos: Soporte TCP \/ IP, UDP, RTP \/ RTSP, DHCP, PPPoE, DDNS, NTP, etc.<\/li>\n<li>Control de IE: Embedded Web Server, configuraciones y control remoto IE se puede modificar<\/li>\n<li>P2P Soportado<\/li>\n<li>Visualizaci\u00f3n remota: \u00a0Soporta iOS, Android, Blackberry, Symbian, Microsoft, etc.<\/li>\n<\/ul>\n<\/li>\n<li>HDD:\n<ul>\n<li>SATA\u00a0\u00a0\u00a0 Soporte 1 * SATA<\/li>\n<li>Capacidad m\u00e1xima de disco duro 4TB<\/li>\n<\/ul>\n<\/li>\n<li>Comunicaciones:\n<ul>\n<li>Interfaz de red\u00a0\u00a0\u00a0\u00a0\u00a0\u00a0\u00a0\u00a0\u00a0\u00a0\u00a0\u00a0\u00a0\u00a0\u00a0 1 RJ45 100M interfaz Ethernet de adaptaci\u00f3n<\/li>\n<li>Comunicaciones: Interfaz 1 * 485<\/li>\n<li>USB: 2 * USB<\/li>\n<\/ul>\n<\/li>\n<\/ul>\n<p><strong>Especificaciones t\u00e9cnicas:\u00a0\u00a0\u00a0\u00a0\u00a0\u00a0\u00a0\u00a0\u00a0 <\/strong><\/p>\n<ul>\n<li>Fuente de alimentaci\u00f3n: DC12V<\/li>\n<li>Consumo: &lt;15W (sin HDD)<\/li>\n<li>Temperatura de trabajo: -10 \u2103 &#8211; + 55 \u2103<\/li>\n<li>Humedad de trabajo: 10% ~ 90%<\/li>\n<li>Dimensiones: 225 mm \u00d7 215 mm \u00d7 55 mm<\/li>\n<li>Peso: GW: 1.23Kg; NW: 0.83kg<\/li>\n<\/ul>\n<p>\u00a0<\/p>\n","protected":false},"excerpt":{"rendered":"<p>Hybrid Video Server 16\u00a0chanels Plug and Play &#8220;Cloud Technology DVR, NVR and AHD&#8221;<br \/>This video server allows connecting IP cameras (protocol ONVIF or NETIP), CCTV cameras and AHD camera.<br \/>P2P technology, PNP: Plug &amp; Play with easy setup via a simple code, not need static IP, dynamic DNS, etc &#8230; just plug in the router and go.<br \/>You can watch your camera \/ s from your PC, Smartphone or mobile, via the web anywhere in the world and make continuous or motion detection recording. It is the only one to use with 3G \/ GPRS routers SIM mobile phone.<\/p>\n","protected":false},"author":1,"featured_media":34653,"template":"","meta":{"_acf_changed":false,"advgb_blocks_editor_width":"","advgb_blocks_columns_visual_guide":""},"product_brand":[],"product_cat":[4261],"product_tag":[5668,6607],"class_list":{"0":"post-34657","1":"product","2":"type-product","3":"status-publish","4":"has-post-thumbnail","6":"product_cat-cctv-cameras-and-video-servers-en","7":"product_tag-cameras-and-security-systems-en","8":"product_tag-nvr-y-ahd-en","10":"first","11":"instock","12":"sale","13":"taxable","14":"shipping-taxable","15":"purchasable","16":"product-type-simple"},"acf":[],"yoast_head":"<!-- This site is optimized with the Yoast SEO plugin v27.5 - https:\/\/yoast.com\/product\/yoast-seo-wordpress\/ -->\n<title>Hybrid Video Server 16 chanels Plug and Play &quot;Cloud Technology DVR, NVR and AHD<\/title>\n<meta name=\"description\" content=\"Hybrid Video Server 16 chanels Plug and Play &quot;Cloud Technology DVR, NVR and AHD\" \/>\n<meta name=\"robots\" content=\"index, follow, max-snippet:-1, max-image-preview:large, max-video-preview:-1\" \/>\n<link rel=\"canonical\" href=\"https:\/\/www.kaza.es\/en\/product\/hybrid-video-server-16-chanels-plug-and-play\/\" \/>\n<meta property=\"og:locale\" content=\"en_US\" \/>\n<meta property=\"og:type\" content=\"article\" \/>\n<meta property=\"og:title\" content=\"Hybrid Video Server 16 chanels Plug and Play &quot;Cloud Technology DVR, NVR and AHD\" \/>\n<meta property=\"og:description\" content=\"Hybrid Video Server 16 chanels Plug and Play &quot;Cloud Technology DVR, NVR and AHD\" \/>\n<meta property=\"og:url\" content=\"https:\/\/www.kaza.es\/en\/product\/hybrid-video-server-16-chanels-plug-and-play\/\" \/>\n<meta property=\"og:site_name\" content=\"kaza by Adtecso\" \/>\n<meta property=\"article:publisher\" content=\"https:\/\/www.facebook.com\/CDPeu\" \/>\n<meta property=\"article:modified_time\" content=\"2019-12-26T19:05:43+00:00\" \/>\n<meta property=\"og:image\" content=\"https:\/\/www.kaza.es\/shop\/wp-content\/uploads\/2015\/09\/1289-thickbox_default-Video-Servidor-Hibrido-16-Canales-Plug-Play.jpg\" \/>\n\t<meta property=\"og:image:width\" content=\"800\" \/>\n\t<meta property=\"og:image:height\" content=\"800\" \/>\n\t<meta property=\"og:image:type\" content=\"image\/jpeg\" \/>\n<meta name=\"twitter:card\" content=\"summary_large_image\" \/>\n<meta name=\"twitter:site\" content=\"@cdp_eu\" \/>\n<meta name=\"twitter:label1\" content=\"Est. reading time\" \/>\n\t<meta name=\"twitter:data1\" content=\"1 minute\" \/>\n<script type=\"application\/ld+json\" class=\"yoast-schema-graph\">{\"@context\":\"https:\\\/\\\/schema.org\",\"@graph\":[{\"@type\":\"WebPage\",\"@id\":\"https:\\\/\\\/www.kaza.es\\\/en\\\/product\\\/hybrid-video-server-16-chanels-plug-and-play\\\/\",\"url\":\"https:\\\/\\\/www.kaza.es\\\/en\\\/product\\\/hybrid-video-server-16-chanels-plug-and-play\\\/\",\"name\":\"Hybrid Video Server 16 chanels Plug and Play \\\"Cloud Technology DVR, NVR and AHD\",\"isPartOf\":{\"@id\":\"https:\\\/\\\/www.kaza.es\\\/en\\\/#website\"},\"primaryImageOfPage\":{\"@id\":\"https:\\\/\\\/www.kaza.es\\\/en\\\/product\\\/hybrid-video-server-16-chanels-plug-and-play\\\/#primaryimage\"},\"image\":{\"@id\":\"https:\\\/\\\/www.kaza.es\\\/en\\\/product\\\/hybrid-video-server-16-chanels-plug-and-play\\\/#primaryimage\"},\"thumbnailUrl\":\"https:\\\/\\\/www.kaza.es\\\/shop\\\/wp-content\\\/uploads\\\/2015\\\/09\\\/1289-thickbox_default-Video-Servidor-Hibrido-16-Canales-Plug-Play.jpg\",\"datePublished\":\"2015-09-23T15:48:09+00:00\",\"dateModified\":\"2019-12-26T19:05:43+00:00\",\"description\":\"Hybrid Video Server 16 chanels Plug and Play \\\"Cloud Technology DVR, NVR and AHD\",\"breadcrumb\":{\"@id\":\"https:\\\/\\\/www.kaza.es\\\/en\\\/product\\\/hybrid-video-server-16-chanels-plug-and-play\\\/#breadcrumb\"},\"inLanguage\":\"en-US\",\"potentialAction\":[{\"@type\":\"ReadAction\",\"target\":[\"https:\\\/\\\/www.kaza.es\\\/en\\\/product\\\/hybrid-video-server-16-chanels-plug-and-play\\\/\"]}]},{\"@type\":\"ImageObject\",\"inLanguage\":\"en-US\",\"@id\":\"https:\\\/\\\/www.kaza.es\\\/en\\\/product\\\/hybrid-video-server-16-chanels-plug-and-play\\\/#primaryimage\",\"url\":\"https:\\\/\\\/www.kaza.es\\\/shop\\\/wp-content\\\/uploads\\\/2015\\\/09\\\/1289-thickbox_default-Video-Servidor-Hibrido-16-Canales-Plug-Play.jpg\",\"contentUrl\":\"https:\\\/\\\/www.kaza.es\\\/shop\\\/wp-content\\\/uploads\\\/2015\\\/09\\\/1289-thickbox_default-Video-Servidor-Hibrido-16-Canales-Plug-Play.jpg\",\"width\":800,\"height\":800,\"caption\":\"V\u00eddeo Servidor H\u00edbrido 16 Canales Plug & Play\"},{\"@type\":\"BreadcrumbList\",\"@id\":\"https:\\\/\\\/www.kaza.es\\\/en\\\/product\\\/hybrid-video-server-16-chanels-plug-and-play\\\/#breadcrumb\",\"itemListElement\":[{\"@type\":\"ListItem\",\"position\":1,\"name\":\"Portada\",\"item\":\"https:\\\/\\\/www.kaza.es\\\/en\\\/\"},{\"@type\":\"ListItem\",\"position\":2,\"name\":\"Shop\",\"item\":\"https:\\\/\\\/www.kaza.es\\\/en\\\/shop\\\/\"},{\"@type\":\"ListItem\",\"position\":3,\"name\":\"Hybrid Video Server 16 Chanels Plug and Play\"}]},{\"@type\":\"WebSite\",\"@id\":\"https:\\\/\\\/www.kaza.es\\\/en\\\/#website\",\"url\":\"https:\\\/\\\/www.kaza.es\\\/en\\\/\",\"name\":\"kaza.es\",\"description\":\"We are leaders in the development of advanced electronic products and consumer software\",\"publisher\":{\"@id\":\"https:\\\/\\\/www.kaza.es\\\/en\\\/#organization\"},\"potentialAction\":[{\"@type\":\"SearchAction\",\"target\":{\"@type\":\"EntryPoint\",\"urlTemplate\":\"https:\\\/\\\/www.kaza.es\\\/en\\\/?s={search_term_string}\"},\"query-input\":{\"@type\":\"PropertyValueSpecification\",\"valueRequired\":true,\"valueName\":\"search_term_string\"}}],\"inLanguage\":\"en-US\"},{\"@type\":\"Organization\",\"@id\":\"https:\\\/\\\/www.kaza.es\\\/en\\\/#organization\",\"name\":\"C.D.Products S.A.\",\"url\":\"https:\\\/\\\/www.kaza.es\\\/en\\\/\",\"logo\":{\"@type\":\"ImageObject\",\"inLanguage\":\"en-US\",\"@id\":\"https:\\\/\\\/www.kaza.es\\\/en\\\/#\\\/schema\\\/logo\\\/image\\\/\",\"url\":\"\",\"contentUrl\":\"\",\"caption\":\"C.D.Products S.A.\"},\"image\":{\"@id\":\"https:\\\/\\\/www.kaza.es\\\/en\\\/#\\\/schema\\\/logo\\\/image\\\/\"},\"sameAs\":[\"https:\\\/\\\/www.facebook.com\\\/CDPeu\",\"https:\\\/\\\/x.com\\\/cdp_eu\",\"https:\\\/\\\/www.youtube.com\\\/user\\\/cdpsaes\\\/videos\"]}]}<\/script>\n<!-- \/ Yoast SEO plugin. -->","yoast_head_json":{"title":"Hybrid Video Server 16 chanels Plug and Play \"Cloud Technology DVR, NVR and AHD","description":"Hybrid Video Server 16 chanels Plug and Play \"Cloud Technology DVR, NVR and AHD","robots":{"index":"index","follow":"follow","max-snippet":"max-snippet:-1","max-image-preview":"max-image-preview:large","max-video-preview":"max-video-preview:-1"},"canonical":"https:\/\/www.kaza.es\/en\/product\/hybrid-video-server-16-chanels-plug-and-play\/","og_locale":"en_US","og_type":"article","og_title":"Hybrid Video Server 16 chanels Plug and Play \"Cloud Technology DVR, NVR and AHD","og_description":"Hybrid Video Server 16 chanels Plug and Play \"Cloud Technology DVR, NVR and AHD","og_url":"https:\/\/www.kaza.es\/en\/product\/hybrid-video-server-16-chanels-plug-and-play\/","og_site_name":"kaza by Adtecso","article_publisher":"https:\/\/www.facebook.com\/CDPeu","article_modified_time":"2019-12-26T19:05:43+00:00","og_image":[{"width":800,"height":800,"url":"https:\/\/www.kaza.es\/shop\/wp-content\/uploads\/2015\/09\/1289-thickbox_default-Video-Servidor-Hibrido-16-Canales-Plug-Play.jpg","type":"image\/jpeg"}],"twitter_card":"summary_large_image","twitter_site":"@cdp_eu","twitter_misc":{"Est. reading time":"1 minute"},"schema":{"@context":"https:\/\/schema.org","@graph":[{"@type":"WebPage","@id":"https:\/\/www.kaza.es\/en\/product\/hybrid-video-server-16-chanels-plug-and-play\/","url":"https:\/\/www.kaza.es\/en\/product\/hybrid-video-server-16-chanels-plug-and-play\/","name":"Hybrid Video Server 16 chanels Plug and Play \"Cloud Technology DVR, NVR and AHD","isPartOf":{"@id":"https:\/\/www.kaza.es\/en\/#website"},"primaryImageOfPage":{"@id":"https:\/\/www.kaza.es\/en\/product\/hybrid-video-server-16-chanels-plug-and-play\/#primaryimage"},"image":{"@id":"https:\/\/www.kaza.es\/en\/product\/hybrid-video-server-16-chanels-plug-and-play\/#primaryimage"},"thumbnailUrl":"https:\/\/www.kaza.es\/shop\/wp-content\/uploads\/2015\/09\/1289-thickbox_default-Video-Servidor-Hibrido-16-Canales-Plug-Play.jpg","datePublished":"2015-09-23T15:48:09+00:00","dateModified":"2019-12-26T19:05:43+00:00","description":"Hybrid Video Server 16 chanels Plug and Play \"Cloud Technology DVR, NVR and AHD","breadcrumb":{"@id":"https:\/\/www.kaza.es\/en\/product\/hybrid-video-server-16-chanels-plug-and-play\/#breadcrumb"},"inLanguage":"en-US","potentialAction":[{"@type":"ReadAction","target":["https:\/\/www.kaza.es\/en\/product\/hybrid-video-server-16-chanels-plug-and-play\/"]}]},{"@type":"ImageObject","inLanguage":"en-US","@id":"https:\/\/www.kaza.es\/en\/product\/hybrid-video-server-16-chanels-plug-and-play\/#primaryimage","url":"https:\/\/www.kaza.es\/shop\/wp-content\/uploads\/2015\/09\/1289-thickbox_default-Video-Servidor-Hibrido-16-Canales-Plug-Play.jpg","contentUrl":"https:\/\/www.kaza.es\/shop\/wp-content\/uploads\/2015\/09\/1289-thickbox_default-Video-Servidor-Hibrido-16-Canales-Plug-Play.jpg","width":800,"height":800,"caption":"V\u00eddeo Servidor H\u00edbrido 16 Canales Plug & Play"},{"@type":"BreadcrumbList","@id":"https:\/\/www.kaza.es\/en\/product\/hybrid-video-server-16-chanels-plug-and-play\/#breadcrumb","itemListElement":[{"@type":"ListItem","position":1,"name":"Portada","item":"https:\/\/www.kaza.es\/en\/"},{"@type":"ListItem","position":2,"name":"Shop","item":"https:\/\/www.kaza.es\/en\/shop\/"},{"@type":"ListItem","position":3,"name":"Hybrid Video Server 16 Chanels Plug and Play"}]},{"@type":"WebSite","@id":"https:\/\/www.kaza.es\/en\/#website","url":"https:\/\/www.kaza.es\/en\/","name":"kaza.es","description":"We are leaders in the development of advanced electronic products and consumer software","publisher":{"@id":"https:\/\/www.kaza.es\/en\/#organization"},"potentialAction":[{"@type":"SearchAction","target":{"@type":"EntryPoint","urlTemplate":"https:\/\/www.kaza.es\/en\/?s={search_term_string}"},"query-input":{"@type":"PropertyValueSpecification","valueRequired":true,"valueName":"search_term_string"}}],"inLanguage":"en-US"},{"@type":"Organization","@id":"https:\/\/www.kaza.es\/en\/#organization","name":"C.D.Products S.A.","url":"https:\/\/www.kaza.es\/en\/","logo":{"@type":"ImageObject","inLanguage":"en-US","@id":"https:\/\/www.kaza.es\/en\/#\/schema\/logo\/image\/","url":"","contentUrl":"","caption":"C.D.Products S.A."},"image":{"@id":"https:\/\/www.kaza.es\/en\/#\/schema\/logo\/image\/"},"sameAs":["https:\/\/www.facebook.com\/CDPeu","https:\/\/x.com\/cdp_eu","https:\/\/www.youtube.com\/user\/cdpsaes\/videos"]}]}},"featured_img":"https:\/\/www.kaza.es\/shop\/wp-content\/uploads\/2015\/09\/1289-thickbox_default-Video-Servidor-Hibrido-16-Canales-Plug-Play.jpg","coauthors":[],"author_meta":{"author_link":"https:\/\/www.kaza.es\/en\/author\/adtecso\/","display_name":"kaza"},"relative_dates":{"created":"Posted 7 years ago","modified":"Updated 6 years ago"},"absolute_dates":{"created":"Posted on 11 March, 2019","modified":"Updated on 26 December, 2019"},"absolute_dates_time":{"created":"Posted on 11 March, 2019 00:00","modified":"Updated on 26 December, 2019 20:05"},"featured_img_caption":"","tax_additional":{"product_brand":{"linked":[],"unlinked":[],"slug":"product_brand","name":"Brands"},"product_type":{"linked":["<a href=\"https:\/\/www.kaza.es\/en\/?taxonomy=product_type&#038;term=simple\" class=\"advgb-post-tax-term\">simple<\/a>"],"unlinked":["<span class=\"advgb-post-tax-term\">simple<\/span>"],"slug":"product_type","name":"Product type"},"product_visibility":{"linked":[],"unlinked":[],"slug":"product_visibility","name":"Product visibility"},"product_cat":{"linked":["<a href=\"https:\/\/www.kaza.es\/en\/product-categories\/cameras-and-security-systems-en\/cctv-cameras-and-video-servers-en\/\" class=\"advgb-post-tax-term\">CCTV cameras and video servers<\/a>"],"unlinked":["<span class=\"advgb-post-tax-term\">CCTV cameras and video servers<\/span>"],"slug":"product_cat","name":"Product categories"},"product_tag":{"linked":["<a href=\"https:\/\/www.kaza.es\/en\/product-tags\/cameras-and-security-systems-en\/\" class=\"advgb-post-tax-term\">Cameras and security systems<\/a>","<a href=\"https:\/\/www.kaza.es\/en\/product-tags\/nvr-y-ahd-en\/\" class=\"advgb-post-tax-term\">nvr y ahd<\/a>"],"unlinked":["<span class=\"advgb-post-tax-term\">Cameras and security systems<\/span>","<span class=\"advgb-post-tax-term\">nvr y ahd<\/span>"],"slug":"product_tag","name":"Product tags"},"product_shipping_class":{"linked":[],"unlinked":[],"slug":"product_shipping_class","name":"Product shipping classes"},"pos_product_visibility":{"linked":[],"unlinked":[],"slug":"pos_product_visibility","name":"POS Product visibility"},"pa_alto":{"linked":[],"unlinked":[],"slug":"pa_alto","name":"Product Alto"},"pa_ancho":{"linked":[],"unlinked":[],"slug":"pa_ancho","name":"Product Ancho"},"pa_cantidad":{"linked":[],"unlinked":[],"slug":"pa_cantidad","name":"Product Selecciona Cantidad"},"pa_capacidad":{"linked":[],"unlinked":[],"slug":"pa_capacidad","name":"Product Capacidad"},"pa_color":{"linked":[],"unlinked":[],"slug":"pa_color","name":"Product Color"},"pa_icu":{"linked":[],"unlinked":[],"slug":"pa_icu","name":"Product Procesador"},"pa_peso":{"linked":[],"unlinked":[],"slug":"pa_peso","name":"Product Peso"},"pa_profundo":{"linked":[],"unlinked":[],"slug":"pa_profundo","name":"Product Profundo"},"pa_tomaauriculares":{"linked":[],"unlinked":[],"slug":"pa_tomaauriculares","name":"Product Toma auriculares"},"translation_priority":{"linked":["<a href=\"https:\/\/www.kaza.es\/en\/?taxonomy=translation_priority&#038;term=optional\" class=\"advgb-post-tax-term\">Optional<\/a>"],"unlinked":["<span class=\"advgb-post-tax-term\">Optional<\/span>"],"slug":"translation_priority","name":"Translation Priorities"}},"series_order":"","_links":{"self":[{"href":"https:\/\/www.kaza.es\/en\/wp-json\/wp\/v2\/product\/34657","targetHints":{"allow":["GET"]}}],"collection":[{"href":"https:\/\/www.kaza.es\/en\/wp-json\/wp\/v2\/product"}],"about":[{"href":"https:\/\/www.kaza.es\/en\/wp-json\/wp\/v2\/types\/product"}],"wp:featuredmedia":[{"embeddable":true,"href":"https:\/\/www.kaza.es\/en\/wp-json\/wp\/v2\/media\/34653"}],"wp:attachment":[{"href":"https:\/\/www.kaza.es\/en\/wp-json\/wp\/v2\/media?parent=34657"}],"wp:term":[{"taxonomy":"product_brand","embeddable":true,"href":"https:\/\/www.kaza.es\/en\/wp-json\/wp\/v2\/product_brand?post=34657"},{"taxonomy":"product_cat","embeddable":true,"href":"https:\/\/www.kaza.es\/en\/wp-json\/wp\/v2\/product_cat?post=34657"},{"taxonomy":"product_tag","embeddable":true,"href":"https:\/\/www.kaza.es\/en\/wp-json\/wp\/v2\/product_tag?post=34657"}],"curies":[{"name":"wp","href":"https:\/\/api.w.org\/{rel}","templated":true}]}}