{"id":485551,"date":"2021-06-29T11:39:48","date_gmt":"2021-06-29T09:46:20","guid":{"rendered":"https:\/\/www.kaza.es\/?post_type=product&#038;p=485551"},"modified":"2021-06-29T11:52:45","modified_gmt":"2021-06-29T09:52:45","slug":"tpms-tire-pressure-monitor-for-motorcycles-tyredog-td4000a-x2","status":"publish","type":"product","link":"https:\/\/www.kaza.es\/en\/product\/tpms-tire-pressure-monitor-for-motorcycles-tyredog-td4000a-x2\/","title":{"rendered":"TPMS tire pressure monitor for motorcycles TYREDOG TD4000A-X2"},"content":{"rendered":"<p><strong>TPMS tire pressure monitor for motorcycles made by the prestigious international manufacturer TYREDOG. The model TD-4000\u00aa-X2<\/strong><\/p>\n<p>Kit equipped with 2 external wireless sensors of 433.92MHz frequency and detection capacity up to 100 PSI = 6.89 BAR<\/p>\n<p>Easy to install prevents accidents, premature tire wear, and saves fuel.<\/p>\n<h4><strong>PACKAGE INFORMATION<\/strong><\/h4>\n<ul>\n<li>TD4000-X LCD monitor<\/li>\n<li>TD4000-X tyre pressure sensor \u00d72<\/li>\n<li>CR 1632 battery \u00d72<\/li>\n<li>User\u2019s guide \u00d71<\/li>\n<li>AAA 1.5v battery \u00d72<\/li>\n<li>Ant-theft lock tool \u00d74<\/li>\n<\/ul>\n<h4><strong>TECHNICAL SPECIFICATION<\/strong><\/h4>\n<h5>Transmitter<\/h5>\n<ul>\n<li>Frequency:433.92MHz<\/li>\n<li>Capacity: 100 PSI = 6.89 BAR<\/li>\n<li>Operation temperature:-40\u00b0C~125\u00b0C<\/li>\n<li>Dimensions:Diameter 20.5mm \u00d7 Length 20mm<\/li>\n<\/ul>\n<h5>Monitor receiver<\/h5>\n<ul>\n<li>Frequency:433.92MHz<\/li>\n<li>Operation temperature:-20\u00b0C~80\u00b0C<\/li>\n<\/ul>\n<h5>Main Functions<\/h5>\n<ul>\n<li>Ensure the safety of vehicle travel.<\/li>\n<li>Reduce fuel consumption.<\/li>\n<li>Enhance tyre life.<\/li>\n<li>Real time monitoring of tyre pressure and temperature.<\/li>\n<\/ul>\n<h4><a href=\"https:\/\/www.kaza.es\/en\/?attachment_id=485546\" rel=\"attachment wp-att-485546\"><img loading=\"lazy\" decoding=\"async\" class=\"wp-image-485546 aligncenter\" src=\"https:\/\/www.kaza.es\/shop\/wp-content\/uploads\/2021\/06\/Monitor-de-presion-de-neumaticos-de-alta-precision-para-motocicletas-TYREDOG-TD4000-X2_2-300x225.jpg\" alt=\"Monitor de presi\u00f3n de neum\u00e1ticos de alta precisi\u00f3n para motocicletas TYREDOG TD4000-X2\" width=\"627\" height=\"470\" srcset=\"https:\/\/www.kaza.es\/shop\/wp-content\/uploads\/2021\/06\/Monitor-de-presion-de-neumaticos-de-alta-precision-para-motocicletas-TYREDOG-TD4000-X2_2-300x225.jpg 300w, https:\/\/www.kaza.es\/shop\/wp-content\/uploads\/2021\/06\/Monitor-de-presion-de-neumaticos-de-alta-precision-para-motocicletas-TYREDOG-TD4000-X2_2-768x576.jpg 768w, https:\/\/www.kaza.es\/shop\/wp-content\/uploads\/2021\/06\/Monitor-de-presion-de-neumaticos-de-alta-precision-para-motocicletas-TYREDOG-TD4000-X2_2-416x312.jpg 416w, https:\/\/www.kaza.es\/shop\/wp-content\/uploads\/2021\/06\/Monitor-de-presion-de-neumaticos-de-alta-precision-para-motocicletas-TYREDOG-TD4000-X2_2-80x60.jpg 80w, https:\/\/www.kaza.es\/shop\/wp-content\/uploads\/2021\/06\/Monitor-de-presion-de-neumaticos-de-alta-precision-para-motocicletas-TYREDOG-TD4000-X2_2-120x90.jpg 120w, https:\/\/www.kaza.es\/shop\/wp-content\/uploads\/2021\/06\/Monitor-de-presion-de-neumaticos-de-alta-precision-para-motocicletas-TYREDOG-TD4000-X2_2.jpg 960w\" sizes=\"auto, (max-width: 627px) 100vw, 627px\" \/><\/a><\/h4>\n<h4><strong> Product features<\/strong><\/h4>\n<p><strong>LCD monitor<\/strong><\/p>\n<p>LCD monitor displays the tire pressure and temperature.<\/p>\n<p><strong>\u00a0<\/strong><strong>Light and compact<\/strong><\/p>\n<p>Extremely lightweight and compact with specially designed electronic sensors.<\/p>\n<p><strong>Battery power status display<\/strong><\/p>\n<p>The LCD monitor will display a low battery warming when either the monitor unit or any of the tyre sensors has low bettery power.<\/p>\n<p><strong>Abnormal pressure warming<\/strong><\/p>\n<p>The LCD monitor will send an immediate warning if any tyre is monitored and exceeds the pressure parameters that you chose to set.<\/p>\n<p><strong>Transmission status display<\/strong><\/p>\n<p>The sensors will automatically transmit pressure\/temperature date to the LCD monitor when it is turned on.<\/p>\n<p><strong>Accurate tyre pressure sensors<\/strong><\/p>\n<p>Electronic tyre pressure sensors are accurate to +\/- 1 PSI.<\/p>\n<p><strong>DIY installation<\/strong><\/p>\n<p>Simply screw the sensors onto the valve stems in the place of valve stem caps.<\/p>\n<p><strong>Anti theft sensor mounting design<\/strong><\/p>\n<p>Each of the tyre pressure sensors is provided with a specially designed locknut. This secures it tightly onto the valva stem and prevents easy removal.<\/p>\n","protected":false},"excerpt":{"rendered":"<p><strong>TPMS tire pressure monitor for motorcycles made by the prestigious international manufacturer TYREDOG. The model TD-4000\u00aa-X<\/strong><\/p>\n<p>Kit equipped with 2 external wireless sensors of 433.92MHz frequency and detection capacity up to 100 PSI = 6.89 BAR<\/p>\n<p>Easy to install prevents accidents, premature tire wear, and saves fuel.<\/p>\n<p><strong>LCD monitor &#8211;\u00a0<\/strong><strong>\u00a0<\/strong><strong>Light and compact &#8211;\u00a0<\/strong><strong>Battery power status display &#8211;\u00a0<\/strong><strong>Abnormal pressure warming &#8211;\u00a0<\/strong><strong>Transmission status display &#8211;\u00a0<\/strong><strong>Accurate tyre pressure sensors &#8211; <\/strong><strong>DIY installation &#8211;\u00a0<\/strong><strong>Anti theft sensor mounting design<\/strong><\/p>\n","protected":false},"author":1,"featured_media":485549,"template":"","meta":{"_acf_changed":false,"advgb_blocks_editor_width":"","advgb_blocks_columns_visual_guide":""},"product_brand":[],"product_cat":[4263],"product_tag":[5886],"class_list":{"0":"post-485551","1":"product","2":"type-product","3":"status-publish","4":"has-post-thumbnail","6":"product_cat-tpms-pressure-gauges-en","7":"product_tag-tpms-en","9":"first","10":"instock","11":"sale","12":"taxable","13":"shipping-taxable","14":"purchasable","15":"product-type-simple"},"acf":[],"yoast_head":"<!-- This site is optimized with the Yoast SEO plugin v27.5 - https:\/\/yoast.com\/product\/yoast-seo-wordpress\/ -->\n<title>TPMS tire pressure monitor for motorcycles TYREDOG TD4000A-X2<\/title>\n<meta name=\"description\" content=\"TPMS tire pressure monitor for motorcycles TYREDOG TD4000A-X2. Easy to install prevents accidents, premature tire wear, and saves fuel.\" \/>\n<meta name=\"robots\" content=\"index, follow, max-snippet:-1, max-image-preview:large, max-video-preview:-1\" \/>\n<link rel=\"canonical\" href=\"https:\/\/www.kaza.es\/en\/product\/tpms-tire-pressure-monitor-for-motorcycles-tyredog-td4000a-x2\/\" \/>\n<meta property=\"og:locale\" content=\"en_US\" \/>\n<meta property=\"og:type\" content=\"article\" \/>\n<meta property=\"og:title\" content=\"TPMS tire pressure monitor for motorcycles TYREDOG TD4000A-X2\" \/>\n<meta property=\"og:description\" content=\"TPMS tire pressure monitor for motorcycles TYREDOG TD4000A-X2. Easy to install prevents accidents, premature tire wear, and saves fuel.\" \/>\n<meta property=\"og:url\" content=\"https:\/\/www.kaza.es\/en\/product\/tpms-tire-pressure-monitor-for-motorcycles-tyredog-td4000a-x2\/\" \/>\n<meta property=\"og:site_name\" content=\"kaza by Adtecso\" \/>\n<meta property=\"article:publisher\" content=\"https:\/\/www.facebook.com\/CDPeu\" \/>\n<meta property=\"article:modified_time\" content=\"2021-06-29T09:52:45+00:00\" \/>\n<meta property=\"og:image\" content=\"https:\/\/www.kaza.es\/shop\/wp-content\/uploads\/2021\/06\/Monitor-de-presion-de-neumaticos-de-alta-precision-para-motocicletas-TYREDOG-TD4000-X2_1.jpg\" \/>\n\t<meta property=\"og:image:width\" content=\"749\" \/>\n\t<meta property=\"og:image:height\" content=\"720\" \/>\n\t<meta property=\"og:image:type\" content=\"image\/jpeg\" \/>\n<meta name=\"twitter:card\" content=\"summary_large_image\" \/>\n<meta name=\"twitter:site\" content=\"@cdp_eu\" \/>\n<meta name=\"twitter:label1\" content=\"Est. reading time\" \/>\n\t<meta name=\"twitter:data1\" content=\"2 minutes\" \/>\n<script type=\"application\/ld+json\" class=\"yoast-schema-graph\">{\"@context\":\"https:\\\/\\\/schema.org\",\"@graph\":[{\"@type\":\"WebPage\",\"@id\":\"https:\\\/\\\/www.kaza.es\\\/en\\\/product\\\/tpms-tire-pressure-monitor-for-motorcycles-tyredog-td4000a-x2\\\/\",\"url\":\"https:\\\/\\\/www.kaza.es\\\/en\\\/product\\\/tpms-tire-pressure-monitor-for-motorcycles-tyredog-td4000a-x2\\\/\",\"name\":\"TPMS tire pressure monitor for motorcycles TYREDOG TD4000A-X2\",\"isPartOf\":{\"@id\":\"https:\\\/\\\/www.kaza.es\\\/en\\\/#website\"},\"primaryImageOfPage\":{\"@id\":\"https:\\\/\\\/www.kaza.es\\\/en\\\/product\\\/tpms-tire-pressure-monitor-for-motorcycles-tyredog-td4000a-x2\\\/#primaryimage\"},\"image\":{\"@id\":\"https:\\\/\\\/www.kaza.es\\\/en\\\/product\\\/tpms-tire-pressure-monitor-for-motorcycles-tyredog-td4000a-x2\\\/#primaryimage\"},\"thumbnailUrl\":\"https:\\\/\\\/www.kaza.es\\\/shop\\\/wp-content\\\/uploads\\\/2021\\\/06\\\/Monitor-de-presion-de-neumaticos-de-alta-precision-para-motocicletas-TYREDOG-TD4000-X2_1.jpg\",\"datePublished\":\"2021-06-29T09:46:20+00:00\",\"dateModified\":\"2021-06-29T09:52:45+00:00\",\"description\":\"TPMS tire pressure monitor for motorcycles TYREDOG TD4000A-X2. Easy to install prevents accidents, premature tire wear, and saves fuel.\",\"breadcrumb\":{\"@id\":\"https:\\\/\\\/www.kaza.es\\\/en\\\/product\\\/tpms-tire-pressure-monitor-for-motorcycles-tyredog-td4000a-x2\\\/#breadcrumb\"},\"inLanguage\":\"en-US\",\"potentialAction\":[{\"@type\":\"ReadAction\",\"target\":[\"https:\\\/\\\/www.kaza.es\\\/en\\\/product\\\/tpms-tire-pressure-monitor-for-motorcycles-tyredog-td4000a-x2\\\/\"]}]},{\"@type\":\"ImageObject\",\"inLanguage\":\"en-US\",\"@id\":\"https:\\\/\\\/www.kaza.es\\\/en\\\/product\\\/tpms-tire-pressure-monitor-for-motorcycles-tyredog-td4000a-x2\\\/#primaryimage\",\"url\":\"https:\\\/\\\/www.kaza.es\\\/shop\\\/wp-content\\\/uploads\\\/2021\\\/06\\\/Monitor-de-presion-de-neumaticos-de-alta-precision-para-motocicletas-TYREDOG-TD4000-X2_1.jpg\",\"contentUrl\":\"https:\\\/\\\/www.kaza.es\\\/shop\\\/wp-content\\\/uploads\\\/2021\\\/06\\\/Monitor-de-presion-de-neumaticos-de-alta-precision-para-motocicletas-TYREDOG-TD4000-X2_1.jpg\",\"width\":749,\"height\":720,\"caption\":\"Monitor de presi\u00f3n de neum\u00e1ticos de alta precisi\u00f3n para motocicletas TYREDOG TD4000-X2\"},{\"@type\":\"BreadcrumbList\",\"@id\":\"https:\\\/\\\/www.kaza.es\\\/en\\\/product\\\/tpms-tire-pressure-monitor-for-motorcycles-tyredog-td4000a-x2\\\/#breadcrumb\",\"itemListElement\":[{\"@type\":\"ListItem\",\"position\":1,\"name\":\"Portada\",\"item\":\"https:\\\/\\\/www.kaza.es\\\/en\\\/\"},{\"@type\":\"ListItem\",\"position\":2,\"name\":\"Shop\",\"item\":\"https:\\\/\\\/www.kaza.es\\\/en\\\/shop\\\/\"},{\"@type\":\"ListItem\",\"position\":3,\"name\":\"TPMS tire pressure monitor for motorcycles TYREDOG TD4000A-X2\"}]},{\"@type\":\"WebSite\",\"@id\":\"https:\\\/\\\/www.kaza.es\\\/en\\\/#website\",\"url\":\"https:\\\/\\\/www.kaza.es\\\/en\\\/\",\"name\":\"kaza.es\",\"description\":\"We are leaders in the development of advanced electronic products and consumer software\",\"publisher\":{\"@id\":\"https:\\\/\\\/www.kaza.es\\\/en\\\/#organization\"},\"potentialAction\":[{\"@type\":\"SearchAction\",\"target\":{\"@type\":\"EntryPoint\",\"urlTemplate\":\"https:\\\/\\\/www.kaza.es\\\/en\\\/?s={search_term_string}\"},\"query-input\":{\"@type\":\"PropertyValueSpecification\",\"valueRequired\":true,\"valueName\":\"search_term_string\"}}],\"inLanguage\":\"en-US\"},{\"@type\":\"Organization\",\"@id\":\"https:\\\/\\\/www.kaza.es\\\/en\\\/#organization\",\"name\":\"C.D.Products S.A.\",\"url\":\"https:\\\/\\\/www.kaza.es\\\/en\\\/\",\"logo\":{\"@type\":\"ImageObject\",\"inLanguage\":\"en-US\",\"@id\":\"https:\\\/\\\/www.kaza.es\\\/en\\\/#\\\/schema\\\/logo\\\/image\\\/\",\"url\":\"\",\"contentUrl\":\"\",\"caption\":\"C.D.Products S.A.\"},\"image\":{\"@id\":\"https:\\\/\\\/www.kaza.es\\\/en\\\/#\\\/schema\\\/logo\\\/image\\\/\"},\"sameAs\":[\"https:\\\/\\\/www.facebook.com\\\/CDPeu\",\"https:\\\/\\\/x.com\\\/cdp_eu\",\"https:\\\/\\\/www.youtube.com\\\/user\\\/cdpsaes\\\/videos\"]}]}<\/script>\n<!-- \/ Yoast SEO plugin. -->","yoast_head_json":{"title":"TPMS tire pressure monitor for motorcycles TYREDOG TD4000A-X2","description":"TPMS tire pressure monitor for motorcycles TYREDOG TD4000A-X2. Easy to install prevents accidents, premature tire wear, and saves fuel.","robots":{"index":"index","follow":"follow","max-snippet":"max-snippet:-1","max-image-preview":"max-image-preview:large","max-video-preview":"max-video-preview:-1"},"canonical":"https:\/\/www.kaza.es\/en\/product\/tpms-tire-pressure-monitor-for-motorcycles-tyredog-td4000a-x2\/","og_locale":"en_US","og_type":"article","og_title":"TPMS tire pressure monitor for motorcycles TYREDOG TD4000A-X2","og_description":"TPMS tire pressure monitor for motorcycles TYREDOG TD4000A-X2. Easy to install prevents accidents, premature tire wear, and saves fuel.","og_url":"https:\/\/www.kaza.es\/en\/product\/tpms-tire-pressure-monitor-for-motorcycles-tyredog-td4000a-x2\/","og_site_name":"kaza by Adtecso","article_publisher":"https:\/\/www.facebook.com\/CDPeu","article_modified_time":"2021-06-29T09:52:45+00:00","og_image":[{"width":749,"height":720,"url":"https:\/\/www.kaza.es\/shop\/wp-content\/uploads\/2021\/06\/Monitor-de-presion-de-neumaticos-de-alta-precision-para-motocicletas-TYREDOG-TD4000-X2_1.jpg","type":"image\/jpeg"}],"twitter_card":"summary_large_image","twitter_site":"@cdp_eu","twitter_misc":{"Est. reading time":"2 minutes"},"schema":{"@context":"https:\/\/schema.org","@graph":[{"@type":"WebPage","@id":"https:\/\/www.kaza.es\/en\/product\/tpms-tire-pressure-monitor-for-motorcycles-tyredog-td4000a-x2\/","url":"https:\/\/www.kaza.es\/en\/product\/tpms-tire-pressure-monitor-for-motorcycles-tyredog-td4000a-x2\/","name":"TPMS tire pressure monitor for motorcycles TYREDOG TD4000A-X2","isPartOf":{"@id":"https:\/\/www.kaza.es\/en\/#website"},"primaryImageOfPage":{"@id":"https:\/\/www.kaza.es\/en\/product\/tpms-tire-pressure-monitor-for-motorcycles-tyredog-td4000a-x2\/#primaryimage"},"image":{"@id":"https:\/\/www.kaza.es\/en\/product\/tpms-tire-pressure-monitor-for-motorcycles-tyredog-td4000a-x2\/#primaryimage"},"thumbnailUrl":"https:\/\/www.kaza.es\/shop\/wp-content\/uploads\/2021\/06\/Monitor-de-presion-de-neumaticos-de-alta-precision-para-motocicletas-TYREDOG-TD4000-X2_1.jpg","datePublished":"2021-06-29T09:46:20+00:00","dateModified":"2021-06-29T09:52:45+00:00","description":"TPMS tire pressure monitor for motorcycles TYREDOG TD4000A-X2. Easy to install prevents accidents, premature tire wear, and saves fuel.","breadcrumb":{"@id":"https:\/\/www.kaza.es\/en\/product\/tpms-tire-pressure-monitor-for-motorcycles-tyredog-td4000a-x2\/#breadcrumb"},"inLanguage":"en-US","potentialAction":[{"@type":"ReadAction","target":["https:\/\/www.kaza.es\/en\/product\/tpms-tire-pressure-monitor-for-motorcycles-tyredog-td4000a-x2\/"]}]},{"@type":"ImageObject","inLanguage":"en-US","@id":"https:\/\/www.kaza.es\/en\/product\/tpms-tire-pressure-monitor-for-motorcycles-tyredog-td4000a-x2\/#primaryimage","url":"https:\/\/www.kaza.es\/shop\/wp-content\/uploads\/2021\/06\/Monitor-de-presion-de-neumaticos-de-alta-precision-para-motocicletas-TYREDOG-TD4000-X2_1.jpg","contentUrl":"https:\/\/www.kaza.es\/shop\/wp-content\/uploads\/2021\/06\/Monitor-de-presion-de-neumaticos-de-alta-precision-para-motocicletas-TYREDOG-TD4000-X2_1.jpg","width":749,"height":720,"caption":"Monitor de presi\u00f3n de neum\u00e1ticos de alta precisi\u00f3n para motocicletas TYREDOG TD4000-X2"},{"@type":"BreadcrumbList","@id":"https:\/\/www.kaza.es\/en\/product\/tpms-tire-pressure-monitor-for-motorcycles-tyredog-td4000a-x2\/#breadcrumb","itemListElement":[{"@type":"ListItem","position":1,"name":"Portada","item":"https:\/\/www.kaza.es\/en\/"},{"@type":"ListItem","position":2,"name":"Shop","item":"https:\/\/www.kaza.es\/en\/shop\/"},{"@type":"ListItem","position":3,"name":"TPMS tire pressure monitor for motorcycles TYREDOG TD4000A-X2"}]},{"@type":"WebSite","@id":"https:\/\/www.kaza.es\/en\/#website","url":"https:\/\/www.kaza.es\/en\/","name":"kaza.es","description":"We are leaders in the development of advanced electronic products and consumer software","publisher":{"@id":"https:\/\/www.kaza.es\/en\/#organization"},"potentialAction":[{"@type":"SearchAction","target":{"@type":"EntryPoint","urlTemplate":"https:\/\/www.kaza.es\/en\/?s={search_term_string}"},"query-input":{"@type":"PropertyValueSpecification","valueRequired":true,"valueName":"search_term_string"}}],"inLanguage":"en-US"},{"@type":"Organization","@id":"https:\/\/www.kaza.es\/en\/#organization","name":"C.D.Products S.A.","url":"https:\/\/www.kaza.es\/en\/","logo":{"@type":"ImageObject","inLanguage":"en-US","@id":"https:\/\/www.kaza.es\/en\/#\/schema\/logo\/image\/","url":"","contentUrl":"","caption":"C.D.Products S.A."},"image":{"@id":"https:\/\/www.kaza.es\/en\/#\/schema\/logo\/image\/"},"sameAs":["https:\/\/www.facebook.com\/CDPeu","https:\/\/x.com\/cdp_eu","https:\/\/www.youtube.com\/user\/cdpsaes\/videos"]}]}},"featured_img":"https:\/\/www.kaza.es\/shop\/wp-content\/uploads\/2021\/06\/Monitor-de-presion-de-neumaticos-de-alta-precision-para-motocicletas-TYREDOG-TD4000-X2_1.jpg","coauthors":[],"author_meta":{"author_link":"https:\/\/www.kaza.es\/en\/author\/adtecso\/","display_name":"kaza"},"relative_dates":{"created":"Posted 5 years ago","modified":"Updated 5 years ago"},"absolute_dates":{"created":"Posted on 29 June, 2021","modified":"Updated on 29 June, 2021"},"absolute_dates_time":{"created":"Posted on 29 June, 2021 11:39","modified":"Updated on 29 June, 2021 11:52"},"featured_img_caption":"","tax_additional":{"product_brand":{"linked":[],"unlinked":[],"slug":"product_brand","name":"Brands"},"product_type":{"linked":["<a href=\"https:\/\/www.kaza.es\/en\/?taxonomy=product_type&#038;term=simple\" class=\"advgb-post-tax-term\">simple<\/a>"],"unlinked":["<span class=\"advgb-post-tax-term\">simple<\/span>"],"slug":"product_type","name":"Product type"},"product_visibility":{"linked":[],"unlinked":[],"slug":"product_visibility","name":"Product visibility"},"product_cat":{"linked":["<a href=\"https:\/\/www.kaza.es\/en\/product-categories\/accessories-for-the-automobile-en\/tpms-pressure-gauges-en\/\" class=\"advgb-post-tax-term\">TPMS pressure gauges<\/a>"],"unlinked":["<span class=\"advgb-post-tax-term\">TPMS pressure gauges<\/span>"],"slug":"product_cat","name":"Product categories"},"product_tag":{"linked":["<a href=\"https:\/\/www.kaza.es\/en\/product-tags\/tpms-en\/\" class=\"advgb-post-tax-term\">TPMS<\/a>"],"unlinked":["<span class=\"advgb-post-tax-term\">TPMS<\/span>"],"slug":"product_tag","name":"Product tags"},"product_shipping_class":{"linked":[],"unlinked":[],"slug":"product_shipping_class","name":"Product shipping classes"},"pos_product_visibility":{"linked":[],"unlinked":[],"slug":"pos_product_visibility","name":"POS Product visibility"},"pa_alto":{"linked":[],"unlinked":[],"slug":"pa_alto","name":"Product Alto"},"pa_ancho":{"linked":[],"unlinked":[],"slug":"pa_ancho","name":"Product Ancho"},"pa_cantidad":{"linked":[],"unlinked":[],"slug":"pa_cantidad","name":"Product Selecciona Cantidad"},"pa_capacidad":{"linked":[],"unlinked":[],"slug":"pa_capacidad","name":"Product Capacidad"},"pa_color":{"linked":[],"unlinked":[],"slug":"pa_color","name":"Product Color"},"pa_icu":{"linked":[],"unlinked":[],"slug":"pa_icu","name":"Product Procesador"},"pa_peso":{"linked":[],"unlinked":[],"slug":"pa_peso","name":"Product Peso"},"pa_profundo":{"linked":[],"unlinked":[],"slug":"pa_profundo","name":"Product Profundo"},"pa_tomaauriculares":{"linked":[],"unlinked":[],"slug":"pa_tomaauriculares","name":"Product Toma auriculares"},"translation_priority":{"linked":["<a href=\"https:\/\/www.kaza.es\/en\/?taxonomy=translation_priority&#038;term=optional\" class=\"advgb-post-tax-term\">Optional<\/a>"],"unlinked":["<span class=\"advgb-post-tax-term\">Optional<\/span>"],"slug":"translation_priority","name":"Translation Priorities"}},"series_order":"","_links":{"self":[{"href":"https:\/\/www.kaza.es\/en\/wp-json\/wp\/v2\/product\/485551","targetHints":{"allow":["GET"]}}],"collection":[{"href":"https:\/\/www.kaza.es\/en\/wp-json\/wp\/v2\/product"}],"about":[{"href":"https:\/\/www.kaza.es\/en\/wp-json\/wp\/v2\/types\/product"}],"wp:featuredmedia":[{"embeddable":true,"href":"https:\/\/www.kaza.es\/en\/wp-json\/wp\/v2\/media\/485549"}],"wp:attachment":[{"href":"https:\/\/www.kaza.es\/en\/wp-json\/wp\/v2\/media?parent=485551"}],"wp:term":[{"taxonomy":"product_brand","embeddable":true,"href":"https:\/\/www.kaza.es\/en\/wp-json\/wp\/v2\/product_brand?post=485551"},{"taxonomy":"product_cat","embeddable":true,"href":"https:\/\/www.kaza.es\/en\/wp-json\/wp\/v2\/product_cat?post=485551"},{"taxonomy":"product_tag","embeddable":true,"href":"https:\/\/www.kaza.es\/en\/wp-json\/wp\/v2\/product_tag?post=485551"}],"curies":[{"name":"wp","href":"https:\/\/api.w.org\/{rel}","templated":true}]}}